{"id":47,"date":"2022-08-14T15:38:57","date_gmt":"2022-08-14T15:38:57","guid":{"rendered":"http:\/\/www.huzurbeyindebaslar.com\/?page_id=47"},"modified":"2024-11-21T16:34:21","modified_gmt":"2024-11-21T16:34:21","slug":"etkinlikerim","status":"publish","type":"page","link":"http:\/\/www.huzurbeyindebaslar.com\/index.php\/etkinlikerim\/","title":{"rendered":"ETK\u0130NL\u0130KLER\u0130M"},"content":{"rendered":"\n<p>25 EYL\u00dcL 2022&#8217;DE D\u00dc\u015e\u00dcNCE OKYANUSU YOUTUBE KANALIMDA YAYINLADI\u011eIM &#8220;HUZURLU B\u0130R HAYATI YA\u015eAMAK M\u00dcMK\u00dcN M\u00dc? HUZUR BEY\u0130NDE BA\u015eLAR 1. B\u00d6L\u00dcM\u00dc&#8221; \u0130ZLEYEB\u0130L\u0130RS\u0130N\u0130Z.<\/p>\n\n\n\n<figure class=\"wp-block-embed is-type-video is-provider-youtube wp-block-embed-youtube wp-embed-aspect-16-9 wp-has-aspect-ratio\"><div class=\"wp-block-embed__wrapper\">\n<iframe loading=\"lazy\" title=\"HUZUR BEY\u0130NDE BA\u015eLAR\" width=\"750\" height=\"422\" src=\"https:\/\/www.youtube.com\/embed\/4UfHYCv3Mmg?start=12&#038;feature=oembed\" frameborder=\"0\" allow=\"accelerometer; autoplay; clipboard-write; encrypted-media; gyroscope; picture-in-picture; web-share\" referrerpolicy=\"strict-origin-when-cross-origin\" allowfullscreen><\/iframe>\n<\/div><figcaption class=\"wp-element-caption\">Huzur Beyinde Ba\u015flar Tan\u0131t\u0131m Videosu<\/figcaption><\/figure>\n\n\n\n<figure class=\"wp-block-embed is-type-video is-provider-youtube wp-block-embed-youtube wp-embed-aspect-16-9 wp-has-aspect-ratio\"><div class=\"wp-block-embed__wrapper\">\n<iframe loading=\"lazy\" title=\"Huzurlu bir hayat ya\u015famak m\u00fcmk\u00fcn m\u00fc? Huzur Beyinde Ba\u015flar 1. B\u00f6l\u00fcm\" width=\"750\" height=\"422\" src=\"https:\/\/www.youtube.com\/embed\/5UolNP8w7Ko?feature=oembed\" frameborder=\"0\" allow=\"accelerometer; autoplay; clipboard-write; encrypted-media; gyroscope; picture-in-picture; web-share\" referrerpolicy=\"strict-origin-when-cross-origin\" allowfullscreen><\/iframe>\n<\/div><\/figure>\n\n\n\n<figure class=\"wp-block-image size-large\"><img loading=\"lazy\" decoding=\"async\" width=\"1024\" height=\"591\" src=\"https:\/\/www.huzurbeyindebaslar.com\/wp-content\/uploads\/2023\/11\/TUYAP-1-1024x591.png\" alt=\"\" class=\"wp-image-224\" srcset=\"http:\/\/www.huzurbeyindebaslar.com\/wp-content\/uploads\/2023\/11\/TUYAP-1-1024x591.png 1024w, http:\/\/www.huzurbeyindebaslar.com\/wp-content\/uploads\/2023\/11\/TUYAP-1-300x173.png 300w, http:\/\/www.huzurbeyindebaslar.com\/wp-content\/uploads\/2023\/11\/TUYAP-1-768x443.png 768w, http:\/\/www.huzurbeyindebaslar.com\/wp-content\/uploads\/2023\/11\/TUYAP-1.png 1176w\" sizes=\"(max-width: 1024px) 100vw, 1024px\" \/><\/figure>\n\n\n\n<figure class=\"wp-block-image size-full\"><img loading=\"lazy\" decoding=\"async\" width=\"779\" height=\"779\" src=\"https:\/\/www.huzurbeyindebaslar.com\/wp-content\/uploads\/2023\/11\/Yuksel-5.jpeg\" alt=\"\" class=\"wp-image-227\" srcset=\"http:\/\/www.huzurbeyindebaslar.com\/wp-content\/uploads\/2023\/11\/Yuksel-5.jpeg 779w, http:\/\/www.huzurbeyindebaslar.com\/wp-content\/uploads\/2023\/11\/Yuksel-5-300x300.jpeg 300w, http:\/\/www.huzurbeyindebaslar.com\/wp-content\/uploads\/2023\/11\/Yuksel-5-150x150.jpeg 150w, http:\/\/www.huzurbeyindebaslar.com\/wp-content\/uploads\/2023\/11\/Yuksel-5-768x768.jpeg 768w, http:\/\/www.huzurbeyindebaslar.com\/wp-content\/uploads\/2023\/11\/Yuksel-5-70x70.jpeg 70w\" sizes=\"(max-width: 779px) 100vw, 779px\" \/><\/figure>\n\n\n\n<figure class=\"wp-block-image size-full\"><img loading=\"lazy\" decoding=\"async\" width=\"920\" height=\"920\" src=\"https:\/\/www.huzurbeyindebaslar.com\/wp-content\/uploads\/2023\/11\/WhatsApp-Image-2023-11-24-at-21.28.40.jpeg\" alt=\"\" class=\"wp-image-229\" srcset=\"http:\/\/www.huzurbeyindebaslar.com\/wp-content\/uploads\/2023\/11\/WhatsApp-Image-2023-11-24-at-21.28.40.jpeg 920w, http:\/\/www.huzurbeyindebaslar.com\/wp-content\/uploads\/2023\/11\/WhatsApp-Image-2023-11-24-at-21.28.40-300x300.jpeg 300w, http:\/\/www.huzurbeyindebaslar.com\/wp-content\/uploads\/2023\/11\/WhatsApp-Image-2023-11-24-at-21.28.40-150x150.jpeg 150w, http:\/\/www.huzurbeyindebaslar.com\/wp-content\/uploads\/2023\/11\/WhatsApp-Image-2023-11-24-at-21.28.40-768x768.jpeg 768w, http:\/\/www.huzurbeyindebaslar.com\/wp-content\/uploads\/2023\/11\/WhatsApp-Image-2023-11-24-at-21.28.40-70x70.jpeg 70w\" sizes=\"(max-width: 920px) 100vw, 920px\" \/><figcaption class=\"wp-element-caption\"><strong>\u0130mza G\u00fcn\u00fcmde beni yaln\u0131z b\u0131rakmayan T\u00fcm Kitap severlere Te\u015fekk\u00fcr Ederim.<\/strong><\/figcaption><\/figure>\n\n\n\n<figure class=\"wp-block-image size-full\"><img loading=\"lazy\" decoding=\"async\" width=\"975\" height=\"975\" src=\"https:\/\/www.huzurbeyindebaslar.com\/wp-content\/uploads\/2023\/11\/Yuksel-3.jpeg\" alt=\"\" class=\"wp-image-230\" srcset=\"http:\/\/www.huzurbeyindebaslar.com\/wp-content\/uploads\/2023\/11\/Yuksel-3.jpeg 975w, http:\/\/www.huzurbeyindebaslar.com\/wp-content\/uploads\/2023\/11\/Yuksel-3-300x300.jpeg 300w, http:\/\/www.huzurbeyindebaslar.com\/wp-content\/uploads\/2023\/11\/Yuksel-3-150x150.jpeg 150w, http:\/\/www.huzurbeyindebaslar.com\/wp-content\/uploads\/2023\/11\/Yuksel-3-768x768.jpeg 768w, http:\/\/www.huzurbeyindebaslar.com\/wp-content\/uploads\/2023\/11\/Yuksel-3-70x70.jpeg 70w\" sizes=\"(max-width: 975px) 100vw, 975px\" \/><figcaption class=\"wp-element-caption\"><strong>Kitap severler ile Bulu\u015fmalar.<\/strong><\/figcaption><\/figure>\n\n\n\n<figure class=\"wp-block-image size-full\"><img loading=\"lazy\" decoding=\"async\" width=\"899\" height=\"899\" src=\"https:\/\/www.huzurbeyindebaslar.com\/wp-content\/uploads\/2023\/11\/Yuksel-4.jpeg\" alt=\"\" class=\"wp-image-231\" srcset=\"http:\/\/www.huzurbeyindebaslar.com\/wp-content\/uploads\/2023\/11\/Yuksel-4.jpeg 899w, http:\/\/www.huzurbeyindebaslar.com\/wp-content\/uploads\/2023\/11\/Yuksel-4-300x300.jpeg 300w, http:\/\/www.huzurbeyindebaslar.com\/wp-content\/uploads\/2023\/11\/Yuksel-4-150x150.jpeg 150w, http:\/\/www.huzurbeyindebaslar.com\/wp-content\/uploads\/2023\/11\/Yuksel-4-768x768.jpeg 768w, http:\/\/www.huzurbeyindebaslar.com\/wp-content\/uploads\/2023\/11\/Yuksel-4-70x70.jpeg 70w\" sizes=\"(max-width: 899px) 100vw, 899px\" \/><figcaption class=\"wp-element-caption\"><strong>Kitap severler ile Bulu\u015fmalar.<\/strong><\/figcaption><\/figure>\n\n\n\n<figure class=\"wp-block-image size-full\"><img loading=\"lazy\" decoding=\"async\" width=\"936\" height=\"659\" src=\"https:\/\/www.huzurbeyindebaslar.com\/wp-content\/uploads\/2023\/11\/Selim-Bayraktar.jpeg\" alt=\"\" class=\"wp-image-234\" srcset=\"http:\/\/www.huzurbeyindebaslar.com\/wp-content\/uploads\/2023\/11\/Selim-Bayraktar.jpeg 936w, http:\/\/www.huzurbeyindebaslar.com\/wp-content\/uploads\/2023\/11\/Selim-Bayraktar-300x211.jpeg 300w, http:\/\/www.huzurbeyindebaslar.com\/wp-content\/uploads\/2023\/11\/Selim-Bayraktar-768x541.jpeg 768w\" sizes=\"(max-width: 936px) 100vw, 936px\" \/><figcaption class=\"wp-element-caption\"><strong><em>De\u011ferli Sanat\u00e7\u0131 Dostum Selim Bayraktar ile Ne\u015feli Saatlerimiz&#8230;<\/em><\/strong><\/figcaption><\/figure>\n\n\n\n<figure class=\"wp-block-image size-full\"><img loading=\"lazy\" decoding=\"async\" width=\"768\" height=\"1024\" src=\"https:\/\/www.huzurbeyindebaslar.com\/wp-content\/uploads\/2023\/11\/WhatsApp-Image-2023-11-24-at-15.13.11.jpeg\" alt=\"\" class=\"wp-image-235\" srcset=\"http:\/\/www.huzurbeyindebaslar.com\/wp-content\/uploads\/2023\/11\/WhatsApp-Image-2023-11-24-at-15.13.11.jpeg 768w, http:\/\/www.huzurbeyindebaslar.com\/wp-content\/uploads\/2023\/11\/WhatsApp-Image-2023-11-24-at-15.13.11-225x300.jpeg 225w\" sizes=\"(max-width: 768px) 100vw, 768px\" \/><figcaption class=\"wp-element-caption\"><strong><em>Kitab\u0131m Hakk\u0131nda De\u011ferlendirmelerin i\u00e7in \u00c7ok Te\u015fekk\u00fcr ederim. <\/em><\/strong><\/figcaption><\/figure>\n\n\n\n<figure class=\"wp-block-image size-large\"><img loading=\"lazy\" decoding=\"async\" width=\"791\" height=\"1024\" src=\"https:\/\/www.huzurbeyindebaslar.com\/wp-content\/uploads\/2023\/11\/yonetmen-791x1024.jpeg\" alt=\"\" class=\"wp-image-238\" srcset=\"http:\/\/www.huzurbeyindebaslar.com\/wp-content\/uploads\/2023\/11\/yonetmen-791x1024.jpeg 791w, http:\/\/www.huzurbeyindebaslar.com\/wp-content\/uploads\/2023\/11\/yonetmen-232x300.jpeg 232w, http:\/\/www.huzurbeyindebaslar.com\/wp-content\/uploads\/2023\/11\/yonetmen-768x994.jpeg 768w, http:\/\/www.huzurbeyindebaslar.com\/wp-content\/uploads\/2023\/11\/yonetmen-1186x1536.jpeg 1186w, http:\/\/www.huzurbeyindebaslar.com\/wp-content\/uploads\/2023\/11\/yonetmen.jpeg 1266w\" sizes=\"(max-width: 791px) 100vw, 791px\" \/><figcaption class=\"wp-element-caption\"><strong>&#8220;H\u0131zl\u0131 ve \u00f6fkeli&#8221; Filminin \u00d6d\u00fcll\u00fc Y\u00f6netmeni Erdal G\u00fcrb\u00fcz&#8217;e ta\u015fekk\u00fcrler&#8230;<\/strong><\/figcaption><\/figure>\n\n\n\n<figure class=\"wp-block-image size-large\"><img loading=\"lazy\" decoding=\"async\" width=\"768\" height=\"1024\" src=\"https:\/\/www.huzurbeyindebaslar.com\/wp-content\/uploads\/2024\/11\/fotoo-768x1024.jpg\" alt=\"\" class=\"wp-image-247\" srcset=\"http:\/\/www.huzurbeyindebaslar.com\/wp-content\/uploads\/2024\/11\/fotoo-768x1024.jpg 768w, http:\/\/www.huzurbeyindebaslar.com\/wp-content\/uploads\/2024\/11\/fotoo-225x300.jpg 225w, http:\/\/www.huzurbeyindebaslar.com\/wp-content\/uploads\/2024\/11\/fotoo-1152x1536.jpg 1152w, http:\/\/www.huzurbeyindebaslar.com\/wp-content\/uploads\/2024\/11\/fotoo-1536x2048.jpg 1536w, http:\/\/www.huzurbeyindebaslar.com\/wp-content\/uploads\/2024\/11\/fotoo-scaled.jpg 1920w\" sizes=\"(max-width: 768px) 100vw, 768px\" \/><\/figure>\n\n\n\n<p>De\u011ferli Sanat\u00e7\u0131m\u0131z Cenk Y\u00fcksel ile kitaplar\u0131m\u0131z\u0131 payla\u015f\u0131p g\u00fczel bir dostlu\u011fun ba\u015flang\u0131c\u0131n\u0131 yapt\u0131k.<\/p>\n","protected":false},"excerpt":{"rendered":"<p>25 EYL\u00dcL 2022&#8217;DE D\u00dc\u015e\u00dcNCE OKYANUSU YOUTUBE KANALIMDA YAYINLADI\u011eIM &#8220;HUZURLU B\u0130R HAYATI YA\u015eAMAK M\u00dcMK\u00dcN M\u00dc? HUZUR BEY\u0130NDE BA\u015eLAR 1. B\u00d6L\u00dcM\u00dc&#8221; \u0130ZLEYEB\u0130L\u0130RS\u0130N\u0130Z. De\u011ferli Sanat\u00e7\u0131m\u0131z Cenk Y\u00fcksel ile kitaplar\u0131m\u0131z\u0131 payla\u015f\u0131p g\u00fczel bir dostlu\u011fun ba\u015flang\u0131c\u0131n\u0131 yapt\u0131k.<\/p>\n","protected":false},"author":1,"featured_media":0,"parent":0,"menu_order":0,"comment_status":"closed","ping_status":"closed","template":"","meta":{"footnotes":""},"_links":{"self":[{"href":"http:\/\/www.huzurbeyindebaslar.com\/index.php\/wp-json\/wp\/v2\/pages\/47"}],"collection":[{"href":"http:\/\/www.huzurbeyindebaslar.com\/index.php\/wp-json\/wp\/v2\/pages"}],"about":[{"href":"http:\/\/www.huzurbeyindebaslar.com\/index.php\/wp-json\/wp\/v2\/types\/page"}],"author":[{"embeddable":true,"href":"http:\/\/www.huzurbeyindebaslar.com\/index.php\/wp-json\/wp\/v2\/users\/1"}],"replies":[{"embeddable":true,"href":"http:\/\/www.huzurbeyindebaslar.com\/index.php\/wp-json\/wp\/v2\/comments?post=47"}],"version-history":[{"count":10,"href":"http:\/\/www.huzurbeyindebaslar.com\/index.php\/wp-json\/wp\/v2\/pages\/47\/revisions"}],"predecessor-version":[{"id":251,"href":"http:\/\/www.huzurbeyindebaslar.com\/index.php\/wp-json\/wp\/v2\/pages\/47\/revisions\/251"}],"wp:attachment":[{"href":"http:\/\/www.huzurbeyindebaslar.com\/index.php\/wp-json\/wp\/v2\/media?parent=47"}],"curies":[{"name":"wp","href":"https:\/\/api.w.org\/{rel}","templated":true}]}}