{"id":50,"date":"2022-08-14T15:38:57","date_gmt":"2022-08-14T15:38:57","guid":{"rendered":"http:\/\/www.huzurbeyindebaslar.com\/?page_id=50"},"modified":"2022-09-04T15:30:06","modified_gmt":"2022-09-04T15:30:06","slug":"yorumlar","status":"publish","type":"page","link":"http:\/\/www.huzurbeyindebaslar.com\/index.php\/yorumlar\/","title":{"rendered":"YORUMLAR"},"content":{"rendered":"\n<div class=\"wp-block-group alignfull has-text-color has-background is-layout-flow wp-block-group-is-layout-flow\" style=\"background-color:#ffffff;color:#000000\"><div class=\"wp-block-group__inner-container\">\n<p>Kitab\u0131m hakk\u0131ndaki d\u00fc\u015f\u00fcncelerinizi ya da benzer ya\u015fam\u0131\u015f oldu\u011funuz deneyimler varsa burada payla\u015f\u0131m yapabilirsiniz.<\/p>\n<\/div><\/div>\n\n\n\n<div class=\"wp-block-buttons is-layout-flex wp-block-buttons-is-layout-flex\"><\/div>\n\n\n\n<figure class=\"wp-block-image size-large\"><img loading=\"lazy\" decoding=\"async\" width=\"1024\" height=\"538\" src=\"http:\/\/www.huzurbeyindebaslar.com\/wp-content\/uploads\/2022\/09\/yorumlar-1024x538.jpg\" alt=\"\" class=\"wp-image-112\" srcset=\"http:\/\/www.huzurbeyindebaslar.com\/wp-content\/uploads\/2022\/09\/yorumlar-1024x538.jpg 1024w, http:\/\/www.huzurbeyindebaslar.com\/wp-content\/uploads\/2022\/09\/yorumlar-300x158.jpg 300w, http:\/\/www.huzurbeyindebaslar.com\/wp-content\/uploads\/2022\/09\/yorumlar-768x403.jpg 768w, http:\/\/www.huzurbeyindebaslar.com\/wp-content\/uploads\/2022\/09\/yorumlar.jpg 1200w\" sizes=\"(max-width: 1024px) 100vw, 1024px\" \/><\/figure>\n","protected":false},"excerpt":{"rendered":"<p>Kitab\u0131m hakk\u0131ndaki d\u00fc\u015f\u00fcncelerinizi ya da benzer ya\u015fam\u0131\u015f oldu\u011funuz deneyimler varsa burada payla\u015f\u0131m yapabilirsiniz.<\/p>\n","protected":false},"author":1,"featured_media":0,"parent":0,"menu_order":0,"comment_status":"open","ping_status":"closed","template":"","meta":{"footnotes":""},"_links":{"self":[{"href":"http:\/\/www.huzurbeyindebaslar.com\/index.php\/wp-json\/wp\/v2\/pages\/50"}],"collection":[{"href":"http:\/\/www.huzurbeyindebaslar.com\/index.php\/wp-json\/wp\/v2\/pages"}],"about":[{"href":"http:\/\/www.huzurbeyindebaslar.com\/index.php\/wp-json\/wp\/v2\/types\/page"}],"author":[{"embeddable":true,"href":"http:\/\/www.huzurbeyindebaslar.com\/index.php\/wp-json\/wp\/v2\/users\/1"}],"replies":[{"embeddable":true,"href":"http:\/\/www.huzurbeyindebaslar.com\/index.php\/wp-json\/wp\/v2\/comments?post=50"}],"version-history":[{"count":5,"href":"http:\/\/www.huzurbeyindebaslar.com\/index.php\/wp-json\/wp\/v2\/pages\/50\/revisions"}],"predecessor-version":[{"id":206,"href":"http:\/\/www.huzurbeyindebaslar.com\/index.php\/wp-json\/wp\/v2\/pages\/50\/revisions\/206"}],"wp:attachment":[{"href":"http:\/\/www.huzurbeyindebaslar.com\/index.php\/wp-json\/wp\/v2\/media?parent=50"}],"curies":[{"name":"wp","href":"https:\/\/api.w.org\/{rel}","templated":true}]}}